{"id":2622,"date":"2019-12-11T11:15:59","date_gmt":"2019-12-11T11:15:59","guid":{"rendered":"https:\/\/quomodothemes.website\/glint\/?page_id=2"},"modified":"2024-05-09T15:52:43","modified_gmt":"2024-05-09T15:52:43","slug":"home-white","status":"publish","type":"page","link":"https:\/\/felipepobletevalderrama.com\/","title":{"rendered":"Home White"},"content":{"rendered":"\t\t<div data-elementor-type=\"wp-page\" data-elementor-id=\"2622\" class=\"elementor elementor-2622\">\n\t\t\t\t\t\t<section class=\"elementor-section elementor-top-section elementor-element elementor-element-6fe5deb elementor-section-stretched elementor-section-full_width elementor-section-height-default elementor-section-height-default\" data-id=\"6fe5deb\" data-element_type=\"section\" data-e-type=\"section\" data-settings=\"{&quot;stretch_section&quot;:&quot;section-stretched&quot;}\">\n\t\t\t\t\t\t<div class=\"elementor-container elementor-column-gap-no\">\n\t\t\t\t\t<div class=\"elementor-column elementor-col-100 elementor-top-column elementor-element elementor-element-16825fd\" data-id=\"16825fd\" data-element_type=\"column\" data-e-type=\"column\">\n\t\t\t<div class=\"elementor-widget-wrap elementor-element-populated\">\n\t\t\t\t\t\t<div class=\"elementor-element elementor-element-dcb7373 elementor-widget elementor-widget-slider_revolution\" data-id=\"dcb7373\" data-element_type=\"widget\" data-e-type=\"widget\" data-widget_type=\"slider_revolution.default\">\n\t\t\t\t<div class=\"elementor-widget-container\">\n\t\t\t\t\t\n\t\t<div class=\"wp-block-themepunch-revslider\">\n\t\t\t<!-- START Home Slider REVOLUTION SLIDER 6.5.15 --><p class=\"rs-p-wp-fix\"><\/p>\n\t\t\t<rs-module-wrap id=\"rev_slider_3_1_wrapper\" data-source=\"gallery\" style=\"visibility:hidden;background:transparent;padding:0;margin:0px auto;margin-top:0;margin-bottom:0;\">\n\t\t\t\t<rs-module id=\"rev_slider_3_1\" style=\"\" data-version=\"6.5.15\">\n\t\t\t\t\t<rs-slides>\n\t\t\t\t\t\t<rs-slide style=\"position: absolute;\" data-key=\"rs-3\" data-title=\"Slide 1\" data-duration=\"5000ms\" data-anim=\"e:slidingoverlay;ms:2000;\" data-in=\"o:1;x:100%;\" data-out=\"a:false;\">\n\t\t\t\t\t\t\t<img fetchpriority=\"high\" decoding=\"async\" src=\"\/\/felipepobletevalderrama.com\/wp-content\/plugins\/revslider_\/public\/assets\/assets\/dummy.png\" alt=\"\" title=\"slid-investigacion\" width=\"1920\" height=\"480\" class=\"rev-slidebg tp-rs-img rs-lazyload\" data-lazyload=\"\/\/felipepobletevalderrama.com\/wp-content\/uploads\/2024\/02\/slid-investigacion.jpg\" data-bg=\"p:center bottom;\" data-parallax=\"off\" data-no-retina>\n<!--\n\t\t\t\t\t\t\t--><rs-layer\n\t\t\t\t\t\t\t\tid=\"slider-3-slide-3-layer-0\" \n\t\t\t\t\t\t\t\tdata-type=\"text\"\n\t\t\t\t\t\t\t\tdata-bsh=\"c:rgba(0,0,0,0.15);h:5px,4px,3px,2px;v:5px,4px,3px,2px;b:10px,8px,6px,6px;\"\n\t\t\t\t\t\t\t\tdata-tsh=\"c:rgba(0,0,0,0.75);v:10px,8px,6px,3px;b:10px,8px,6px,3px;\"\n\t\t\t\t\t\t\t\tdata-rsp_ch=\"on\"\n\t\t\t\t\t\t\t\tdata-xy=\"x:c;y:m;yo:150px,121px,91px,50px;\"\n\t\t\t\t\t\t\t\tdata-text=\"w:normal;s:80,65,49,54;l:90,73,55,59;ls:-4,-3,-2,-2;fw:800;a:center;\"\n\t\t\t\t\t\t\t\tdata-dim=\"w:655.391px,532px,404px,447px;minh:0px,none,none,none;\"\n\t\t\t\t\t\t\t\tdata-ford=\"frame_0;frame_1;frame_2;frame_999;\"\n\t\t\t\t\t\t\t\tdata-frame_0=\"x:0,0,0,0px;y:0,0,0,0px;\"\n\t\t\t\t\t\t\t\tdata-frame_1=\"x:0,0,0,0px;y:0,0,0,0px;e:power4.inOut;st:1230;sp:1200;sR:1230;\"\n\t\t\t\t\t\t\t\tdata-frame_1_sfx=\"se:blocktoright;\"\n\t\t\t\t\t\t\t\tdata-frame_999=\"o:0;st:4700;sR:1350;\"\n\t\t\t\t\t\t\t\tdata-frame_2=\"oX:50%;oY:50%;oZ:0;tp:600;st:2950;sp:400;sR:520;\"\n\t\t\t\t\t\t\t\tstyle=\"z-index:8;background-color:#278caa;font-family:'Poppins';\"\n\t\t\t\t\t\t\t>INVESTIGACI\u00d3N \n\t\t\t\t\t\t\t<\/rs-layer><!--\n-->\t\t\t\t\t\t<\/rs-slide>\n\t\t\t\t\t\t<rs-slide style=\"position: absolute;\" data-key=\"rs-6\" data-title=\"Slide 1\" data-duration=\"5000ms\" data-anim=\"e:slidingoverlay;ms:2000;\" data-in=\"o:1;x:100%;\" data-out=\"a:false;\">\n\t\t\t\t\t\t\t<img decoding=\"async\" src=\"\/\/felipepobletevalderrama.com\/wp-content\/plugins\/revslider_\/public\/assets\/assets\/dummy.png\" alt=\"\" title=\"slider-vinculacion\" width=\"1920\" height=\"605\" class=\"rev-slidebg tp-rs-img rs-lazyload\" data-lazyload=\"\/\/felipepobletevalderrama.com\/wp-content\/uploads\/2024\/03\/slider-vinculacion.jpg\" data-bg=\"p:center bottom;\" data-parallax=\"off\" data-no-retina>\n<!--\n\t\t\t\t\t\t\t--><rs-layer\n\t\t\t\t\t\t\t\tid=\"slider-3-slide-6-layer-0\" \n\t\t\t\t\t\t\t\tdata-type=\"text\"\n\t\t\t\t\t\t\t\tdata-bsh=\"c:rgba(0,0,0,0.15);h:5px,4px,3px,2px;v:5px,4px,3px,2px;b:10px,8px,6px,5px;\"\n\t\t\t\t\t\t\t\tdata-tsh=\"c:rgba(0,0,0,0.75);v:10px,8px,6px,3px;b:10px,8px,6px,3px;\"\n\t\t\t\t\t\t\t\tdata-rsp_ch=\"on\"\n\t\t\t\t\t\t\t\tdata-xy=\"x:c;xo:-5px,0,0,0;y:m;yo:121px,98px,74px,55px;\"\n\t\t\t\t\t\t\t\tdata-text=\"w:normal;s:80,65,49,54;l:90,73,55,59;ls:-4,-3,-2,-2;fw:800;a:center;\"\n\t\t\t\t\t\t\t\tdata-dim=\"w:655.391px,532px,404px,446px;minh:0px,none,none,none;\"\n\t\t\t\t\t\t\t\tdata-ford=\"frame_0;frame_1;frame_2;frame_999;\"\n\t\t\t\t\t\t\t\tdata-frame_0=\"x:0,0,0,0px;y:0,0,0,0px;\"\n\t\t\t\t\t\t\t\tdata-frame_1=\"x:0,0,0,0px;y:0,0,0,0px;e:power4.inOut;st:1230;sp:1200;sR:1230;\"\n\t\t\t\t\t\t\t\tdata-frame_1_sfx=\"se:blocktoright;\"\n\t\t\t\t\t\t\t\tdata-frame_999=\"o:0;st:4700;sR:1350;\"\n\t\t\t\t\t\t\t\tdata-frame_2=\"oX:50%;oY:50%;oZ:0;tp:600;st:2950;sp:400;sR:520;\"\n\t\t\t\t\t\t\t\tstyle=\"z-index:8;background-color:#61357a;font-family:'Poppins';\"\n\t\t\t\t\t\t\t>VINCULACI\u00d3N CON EL MEDIO \n\t\t\t\t\t\t\t<\/rs-layer><!--\n-->\t\t\t\t\t\t<\/rs-slide>\n\t\t\t\t\t\t<rs-slide style=\"position: absolute;\" data-key=\"rs-7\" data-title=\"Slide 1\" data-duration=\"5000ms\" data-anim=\"e:slidingoverlay;ms:2000;\" data-in=\"o:1;x:100%;\" data-out=\"a:false;\">\n\t\t\t\t\t\t\t<img decoding=\"async\" src=\"\/\/felipepobletevalderrama.com\/wp-content\/plugins\/revslider_\/public\/assets\/assets\/dummy.png\" alt=\"\" title=\"slid-docencia\" width=\"1920\" height=\"480\" class=\"rev-slidebg tp-rs-img rs-lazyload\" data-lazyload=\"\/\/felipepobletevalderrama.com\/wp-content\/uploads\/2024\/02\/slid-docencia.jpg\" data-bg=\"p:center bottom;\" data-parallax=\"off\" data-no-retina>\n<!--\n\t\t\t\t\t\t\t--><rs-layer\n\t\t\t\t\t\t\t\tid=\"slider-3-slide-7-layer-0\" \n\t\t\t\t\t\t\t\tdata-type=\"text\"\n\t\t\t\t\t\t\t\tdata-bsh=\"c:rgba(0,0,0,0.15);h:5px,4px,5px,4px;v:5px,4px,5px,4px;b:10px,8px,11px,9px;\"\n\t\t\t\t\t\t\t\tdata-tsh=\"c:rgba(0,0,0,0.75);v:10px,8px,6px,3px;b:10px,8px,6px,3px;\"\n\t\t\t\t\t\t\t\tdata-rsp_ch=\"on\"\n\t\t\t\t\t\t\t\tdata-xy=\"x:c;y:m;yo:150px,121px,91px,56px;\"\n\t\t\t\t\t\t\t\tdata-text=\"w:normal;s:80,65,87,77;l:90,73,98,87;ls:-4,-3,-4,-3;fw:800;a:center;\"\n\t\t\t\t\t\t\t\tdata-dim=\"w:479px,389px,525px,468px;minh:0px,none,none,none;\"\n\t\t\t\t\t\t\t\tdata-ford=\"frame_0;frame_1;frame_2;frame_999;\"\n\t\t\t\t\t\t\t\tdata-frame_0=\"x:0,0,0px,0px;y:0,0,0px,0px;\"\n\t\t\t\t\t\t\t\tdata-frame_1=\"x:0,0,0px,0px;y:0,0,0px,0px;e:power4.inOut;st:1230;sp:1200;sR:1230;\"\n\t\t\t\t\t\t\t\tdata-frame_1_sfx=\"se:blocktoright;\"\n\t\t\t\t\t\t\t\tdata-frame_999=\"o:0;st:4700;sR:1350;\"\n\t\t\t\t\t\t\t\tdata-frame_2=\"oX:50%;oY:50%;oZ:0;tp:600;st:2950;sp:400;sR:520;\"\n\t\t\t\t\t\t\t\tstyle=\"z-index:8;background-color:#394785;font-family:'Poppins';\"\n\t\t\t\t\t\t\t>DOCENCIA \n\t\t\t\t\t\t\t<\/rs-layer><!--\n-->\t\t\t\t\t\t<\/rs-slide>\n\t\t\t\t\t<\/rs-slides>\n\t\t\t\t<\/rs-module>\n\t\t\t\t<script>\n\t\t\t\t\tsetREVStartSize({c: 'rev_slider_3_1',rl:[1240,1024,778,480],el:[480,480,480,480],gw:[1260,1024,778,480],gh:[480,480,480,480],type:'standard',justify:'',layout:'fullwidth',mh:\"0\"});if (window.RS_MODULES!==undefined && window.RS_MODULES.modules!==undefined && window.RS_MODULES.modules[\"revslider31\"]!==undefined) {window.RS_MODULES.modules[\"revslider31\"].once = false;window.revapi3 = undefined;if (window.RS_MODULES.checkMinimal!==undefined) window.RS_MODULES.checkMinimal()}\n\t\t\t\t<\/script>\n\t\t\t<\/rs-module-wrap>\n\t\t\t<!-- END REVOLUTION SLIDER -->\n<\/div>\n\n\t\t\t\t\t\t<\/div>\n\t\t\t\t<\/div>\n\t\t\t\t\t<\/div>\n\t\t<\/div>\n\t\t\t\t\t<\/div>\n\t\t<\/section>\n\t\t\t\t<section class=\"elementor-section elementor-top-section elementor-element elementor-element-c0fcd5f elementor-section-stretched elementor-section-full_width elementor-section-height-default elementor-section-height-default\" data-id=\"c0fcd5f\" data-element_type=\"section\" data-e-type=\"section\" id=\"services-secc\" data-settings=\"{&quot;stretch_section&quot;:&quot;section-stretched&quot;}\">\n\t\t\t\t\t\t<div class=\"elementor-container elementor-column-gap-default\">\n\t\t\t\t\t<div class=\"elementor-column elementor-col-25 elementor-top-column elementor-element elementor-element-12c1f3c\" data-id=\"12c1f3c\" data-element_type=\"column\" data-e-type=\"column\">\n\t\t\t<div class=\"elementor-widget-wrap\">\n\t\t\t\t\t\t\t<\/div>\n\t\t<\/div>\n\t\t\t\t<div class=\"elementor-column elementor-col-25 elementor-top-column elementor-element elementor-element-6de5903\" data-id=\"6de5903\" data-element_type=\"column\" data-e-type=\"column\">\n\t\t\t<div class=\"elementor-widget-wrap elementor-element-populated\">\n\t\t\t\t\t\t<div class=\"elementor-element elementor-element-487f9bf elementor-widget elementor-widget-image\" data-id=\"487f9bf\" data-element_type=\"widget\" data-e-type=\"widget\" data-widget_type=\"image.default\">\n\t\t\t\t<div class=\"elementor-widget-container\">\n\t\t\t\t\t\t\t\t\t\t\t\t\t\t\t<img loading=\"lazy\" decoding=\"async\" width=\"265\" height=\"300\" src=\"https:\/\/felipepobletevalderrama.com\/wp-content\/uploads\/2024\/02\/felipe-265x300.jpg\" class=\"attachment-medium size-medium wp-image-2654\" alt=\"\" srcset=\"https:\/\/felipepobletevalderrama.com\/wp-content\/uploads\/2024\/02\/felipe-265x300.jpg 265w, https:\/\/felipepobletevalderrama.com\/wp-content\/uploads\/2024\/02\/felipe-906x1024.jpg 906w, https:\/\/felipepobletevalderrama.com\/wp-content\/uploads\/2024\/02\/felipe-768x868.jpg 768w, https:\/\/felipepobletevalderrama.com\/wp-content\/uploads\/2024\/02\/felipe.jpg 953w\" sizes=\"(max-width: 265px) 100vw, 265px\" \/>\t\t\t\t\t\t\t\t\t\t\t\t\t\t\t<\/div>\n\t\t\t\t<\/div>\n\t\t\t\t\t<\/div>\n\t\t<\/div>\n\t\t\t\t<div class=\"elementor-column elementor-col-25 elementor-top-column elementor-element elementor-element-bcc715b\" data-id=\"bcc715b\" data-element_type=\"column\" data-e-type=\"column\">\n\t\t\t<div class=\"elementor-widget-wrap elementor-element-populated\">\n\t\t\t\t\t\t<div class=\"elementor-element elementor-element-65ce69d elementor-widget elementor-widget-image\" data-id=\"65ce69d\" data-element_type=\"widget\" data-e-type=\"widget\" data-widget_type=\"image.default\">\n\t\t\t\t<div class=\"elementor-widget-container\">\n\t\t\t\t\t\t\t\t\t\t\t\t\t\t\t<img decoding=\"async\" src=\"https:\/\/felipepobletevalderrama.com\/wp-content\/uploads\/elementor\/thumbs\/logo-3-filas-qk3qwq8xl4pg1basv8ire5ks2kttuxch7qpcelj3bo.png\" title=\"logo-3-filas\" alt=\"logo-3-filas\" loading=\"lazy\" \/>\t\t\t\t\t\t\t\t\t\t\t\t\t\t\t<\/div>\n\t\t\t\t<\/div>\n\t\t\t\t<div class=\"elementor-element elementor-element-818ad96 elementor-widget elementor-widget-text-editor\" data-id=\"818ad96\" data-element_type=\"widget\" data-e-type=\"widget\" data-widget_type=\"text-editor.default\">\n\t\t\t\t<div class=\"elementor-widget-container\">\n\t\t\t\t\t\t\t\t\t<h5>Prof. Dr. Felipe Poblete-Valderrama<\/h5><h5>Dr. en Educaci\u00f3n<\/h5><h5>Mg. En Educaci\u00f3n en Salud y Bienestar Humano<\/h5><h5>Profesor de Educaci\u00f3n F\u00edsica<\/h5><h5>Licenciado en Educaci\u00f3n<\/h5><h5><a href=\"mailto:felipepobletev@gmail.com\">felipepobletev@gmail.com<\/a><\/h5>\t\t\t\t\t\t\t\t<\/div>\n\t\t\t\t<\/div>\n\t\t\t\t\t<\/div>\n\t\t<\/div>\n\t\t\t\t<div class=\"elementor-column elementor-col-25 elementor-top-column elementor-element elementor-element-078d68f\" data-id=\"078d68f\" data-element_type=\"column\" data-e-type=\"column\">\n\t\t\t<div class=\"elementor-widget-wrap\">\n\t\t\t\t\t\t\t<\/div>\n\t\t<\/div>\n\t\t\t\t\t<\/div>\n\t\t<\/section>\n\t\t\t\t<section class=\"elementor-section elementor-top-section elementor-element elementor-element-9893043 elementor-section-stretched elementor-section-full_width elementor-section-height-default elementor-section-height-default\" data-id=\"9893043\" data-element_type=\"section\" data-e-type=\"section\" id=\"projects-secc\" data-settings=\"{&quot;stretch_section&quot;:&quot;section-stretched&quot;}\">\n\t\t\t\t\t\t<div class=\"elementor-container elementor-column-gap-default\">\n\t\t\t\t\t<div class=\"elementor-column elementor-col-100 elementor-top-column elementor-element elementor-element-9750262\" data-id=\"9750262\" data-element_type=\"column\" data-e-type=\"column\">\n\t\t\t<div class=\"elementor-widget-wrap elementor-element-populated\">\n\t\t\t\t\t\t<div class=\"elementor-element elementor-element-643caf0 elementor-widget elementor-widget-spacer\" data-id=\"643caf0\" data-element_type=\"widget\" data-e-type=\"widget\" data-widget_type=\"spacer.default\">\n\t\t\t\t<div class=\"elementor-widget-container\">\n\t\t\t\t\t\t\t<div class=\"elementor-spacer\">\n\t\t\t<div class=\"elementor-spacer-inner\"><\/div>\n\t\t<\/div>\n\t\t\t\t\t\t<\/div>\n\t\t\t\t<\/div>\n\t\t\t\t<div class=\"elementor-element elementor-element-d6378fc elementor-widget-divider--view-line elementor-widget elementor-widget-divider\" data-id=\"d6378fc\" data-element_type=\"widget\" data-e-type=\"widget\" data-widget_type=\"divider.default\">\n\t\t\t\t<div class=\"elementor-widget-container\">\n\t\t\t\t\t\t\t<div class=\"elementor-divider\">\n\t\t\t<span class=\"elementor-divider-separator\">\n\t\t\t\t\t\t<\/span>\n\t\t<\/div>\n\t\t\t\t\t\t<\/div>\n\t\t\t\t<\/div>\n\t\t\t\t<div class=\"elementor-element elementor-element-61bbf3a elementor-widget elementor-widget-spacer\" data-id=\"61bbf3a\" data-element_type=\"widget\" data-e-type=\"widget\" data-widget_type=\"spacer.default\">\n\t\t\t\t<div class=\"elementor-widget-container\">\n\t\t\t\t\t\t\t<div class=\"elementor-spacer\">\n\t\t\t<div class=\"elementor-spacer-inner\"><\/div>\n\t\t<\/div>\n\t\t\t\t\t\t<\/div>\n\t\t\t\t<\/div>\n\t\t\t\t\t<\/div>\n\t\t<\/div>\n\t\t\t\t\t<\/div>\n\t\t<\/section>\n\t\t\t\t<section class=\"elementor-section elementor-top-section elementor-element elementor-element-22c57ff elementor-section-stretched elementor-section-full_width elementor-section-height-default elementor-section-height-default\" data-id=\"22c57ff\" data-element_type=\"section\" data-e-type=\"section\" data-settings=\"{&quot;stretch_section&quot;:&quot;section-stretched&quot;}\">\n\t\t\t\t\t\t<div class=\"elementor-container elementor-column-gap-default\">\n\t\t\t\t\t<div class=\"elementor-column elementor-col-100 elementor-top-column elementor-element elementor-element-088f8dc\" data-id=\"088f8dc\" data-element_type=\"column\" data-e-type=\"column\">\n\t\t\t<div class=\"elementor-widget-wrap\">\n\t\t\t\t\t\t\t<\/div>\n\t\t<\/div>\n\t\t\t\t\t<\/div>\n\t\t<\/section>\n\t\t\t\t<section class=\"elementor-section elementor-top-section elementor-element elementor-element-5a88cbc elementor-section-stretched elementor-section-full_width elementor-section-height-default elementor-section-height-default\" data-id=\"5a88cbc\" data-element_type=\"section\" data-e-type=\"section\" data-settings=\"{&quot;stretch_section&quot;:&quot;section-stretched&quot;}\">\n\t\t\t\t\t\t<div class=\"elementor-container elementor-column-gap-default\">\n\t\t\t\t\t<div class=\"elementor-column elementor-col-100 elementor-top-column elementor-element elementor-element-c6dac2f\" data-id=\"c6dac2f\" data-element_type=\"column\" data-e-type=\"column\">\n\t\t\t<div class=\"elementor-widget-wrap elementor-element-populated\">\n\t\t\t\t\t\t<div class=\"elementor-element elementor-element-dc4a608 elementor-widget elementor-widget-spacer\" data-id=\"dc4a608\" data-element_type=\"widget\" data-e-type=\"widget\" data-widget_type=\"spacer.default\">\n\t\t\t\t<div class=\"elementor-widget-container\">\n\t\t\t\t\t\t\t<div class=\"elementor-spacer\">\n\t\t\t<div class=\"elementor-spacer-inner\"><\/div>\n\t\t<\/div>\n\t\t\t\t\t\t<\/div>\n\t\t\t\t<\/div>\n\t\t\t\t<div class=\"elementor-element elementor-element-c6c0efd news-white-wrap elementor-widget elementor-widget-glint-project-gallery-widget\" data-id=\"c6c0efd\" data-element_type=\"widget\" data-e-type=\"widget\" data-widget_type=\"glint-project-gallery-widget.default\">\n\t\t\t\t<div class=\"elementor-widget-container\">\n\t\t\t\t\t\t\r\n\t\t\t\t\r\n\r\n\r\n        <!--:::::PROJECT AREA START :::::::-->\r\n        <div class=\"project-area project-area-primery\">\r\n            <div class=\"container\">\r\n                <div class=\"row\">\r\n                    <div class=\"col-lg-6 align-self-center\">\r\n                        <div class=\"primery-heading\">\r\n                            <strong class=\"filltext\">Publicaciones<\/strong>\r\n                            <small><\/small>\r\n                            <h2>\u00daltimas <span>Publicaciones<\/span><\/h2>\r\n                        <\/div>\r\n                    <\/div>\r\n                    <div class=\"col-lg-5 align-self-center\">\r\n                         <div class=\"primery-info-content\">\r\n                            <p>Te invito a conocer mis \u00faltimas publicaciones, creadas a partir de la investigaci\u00f3n y la experiencia.<\/p>\r\n                        <\/div>\r\n                    <\/div>\r\n                <\/div>\r\n                <div class=\"space-60\"><\/div>\r\n                <div class=\"row\">\r\n                    <ul id=\"da-thumbs\" class=\"da-thumbs portfolio-carousel owl-carousel\">\r\n\r\n\t\t\t\t\t\t\t\t\t\t\t\t\r\n                        <li>\r\n                            <a href=\"https:\/\/felipepobletevalderrama.com\/pdfs\/Autoconcepto%20fisico%20motivacion%20de%20logro%20y%20actitudes%20hacia%20la%20Educacion%20Fisica.pdf\">\r\n                                <img decoding=\"async\" src=\"https:\/\/felipepobletevalderrama.com\/wp-content\/uploads\/2024\/05\/autoconcepto1.png\" alt=\"\" \/>\r\n                                <div><span>Enero - Junio 2024<\/span><\/div>\r\n                            <\/a>\r\n                        <\/li>\r\n\t\t\t\t\t\t\r\n\t\t\t\t\t\t\t\t\t\t\t\r\n                        <li>\r\n                            <a href=\"https:\/\/felipepobletevalderrama.com\/pdfs\/Percepcion%20del%20profesorado%20chileno%20de%20Educacio%CC%81n%20Fisica%20sobre%20el%20desarrollo%20de%20la%20clase%20en%20modalidad%20virtual.pdf\">\r\n                                <img decoding=\"async\" src=\"https:\/\/felipepobletevalderrama.com\/wp-content\/uploads\/2024\/05\/percepcion1.png\" alt=\"\" \/>\r\n                                <div><span>Marzo 2024<\/span><\/div>\r\n                            <\/a>\r\n                        <\/li>\r\n\t\t\t\t\t\t\r\n\t\t\t\t\t\t\t\t\t\t\t\r\n                        <li>\r\n                            <a href=\"https:\/\/felipepobletevalderrama.com\/pdfs\/Las%20emociones%20en%20el%20proceso%20de%20aprendizaje%20revisio%CC%81n%20sistema%CC%81tica.pdf\">\r\n                                <img decoding=\"async\" src=\"https:\/\/felipepobletevalderrama.com\/wp-content\/uploads\/2024\/05\/emociones1.png\" alt=\"\" \/>\r\n                                <div><span>Junio 2023<\/span><\/div>\r\n                            <\/a>\r\n                        <\/li>\r\n\t\t\t\t\t\t\r\n\t\t\t\t\t\r\n                    <\/ul>\r\n                <\/div>\r\n            <\/div>\r\n        <\/div>\r\n        <!--:::::PROJECT AREA END :::::::-->\r\n\t\t\r\n\t\t\r\n\t\t\r\n\t\t\r\n\t\t\r\n\r\n\r\n\r\n\r\n\t\t\t\t\t\t<\/div>\n\t\t\t\t<\/div>\n\t\t\t\t<div class=\"elementor-element elementor-element-2164147 elementor-widget-divider--view-line elementor-widget elementor-widget-divider\" data-id=\"2164147\" data-element_type=\"widget\" data-e-type=\"widget\" data-widget_type=\"divider.default\">\n\t\t\t\t<div class=\"elementor-widget-container\">\n\t\t\t\t\t\t\t<div class=\"elementor-divider\">\n\t\t\t<span class=\"elementor-divider-separator\">\n\t\t\t\t\t\t<\/span>\n\t\t<\/div>\n\t\t\t\t\t\t<\/div>\n\t\t\t\t<\/div>\n\t\t\t\t<div class=\"elementor-element elementor-element-f5f40e1 elementor-widget elementor-widget-spacer\" data-id=\"f5f40e1\" data-element_type=\"widget\" data-e-type=\"widget\" data-widget_type=\"spacer.default\">\n\t\t\t\t<div class=\"elementor-widget-container\">\n\t\t\t\t\t\t\t<div class=\"elementor-spacer\">\n\t\t\t<div class=\"elementor-spacer-inner\"><\/div>\n\t\t<\/div>\n\t\t\t\t\t\t<\/div>\n\t\t\t\t<\/div>\n\t\t\t\t\t<\/div>\n\t\t<\/div>\n\t\t\t\t\t<\/div>\n\t\t<\/section>\n\t\t\t\t<section class=\"elementor-section elementor-top-section elementor-element elementor-element-27c1f6c elementor-section-stretched elementor-section-full_width skill-white-wrap elementor-section-height-default elementor-section-height-default\" data-id=\"27c1f6c\" data-element_type=\"section\" data-e-type=\"section\" data-settings=\"{&quot;stretch_section&quot;:&quot;section-stretched&quot;}\">\n\t\t\t\t\t\t\t<div class=\"elementor-background-overlay\"><\/div>\n\t\t\t\t\t\t\t<div class=\"elementor-container elementor-column-gap-default\">\n\t\t\t\t\t<div class=\"elementor-column elementor-col-100 elementor-top-column elementor-element elementor-element-76f58c0\" data-id=\"76f58c0\" data-element_type=\"column\" data-e-type=\"column\">\n\t\t\t<div class=\"elementor-widget-wrap elementor-element-populated\">\n\t\t\t\t\t\t<div class=\"elementor-element elementor-element-7c3b4e5 news-white-wrap elementor-widget__width-initial elementor-widget elementor-widget-glint-experience-widget\" data-id=\"7c3b4e5\" data-element_type=\"widget\" data-e-type=\"widget\" data-widget_type=\"glint-experience-widget.default\">\n\t\t\t\t<div class=\"elementor-widget-container\">\n\t\t\t\t\t\t\r\n\t\t\t\t\r\n\r\n\t\t<!--:::::SKILL AREA START :::::::-->\r\n        <div class=\"skill-area primery-skill section-padding\">\r\n            <div class=\"container\">\r\n                <div class=\"row\">\r\n                    <div class=\"col-lg-6 align-self-center\">\r\n                        <div class=\"primery-heading\">\r\n                            <strong class=\"filltext\">ACTUALIDAD<\/strong>\r\n                            <small><\/small>\r\n                            <h2>Vinculaci\u00f3n con <span>El medio<\/span><\/h2>\r\n                        <\/div>\r\n                    <\/div>\r\n                    <div class=\"col-lg-6 align-self-center\">\r\n                         <div class=\"primery-info-content\">\r\n                            <p> Porque la educaci\u00f3n requiere de diferentes miradas, distintas experiencias y todas las voces posibles para llegar a cada rinc\u00f3n.<\/p>\r\n                        <\/div>\r\n                    <\/div>\r\n                <\/div>\r\n                <div class=\"space-60\"><\/div>\r\n                <div class=\"row\">\r\n\t\t\t\t\r\n\t\t\t\t\t\t\t\t\t\t\r\n                    <div class=\"col-lg-4\">\r\n                        <div class=\"skill-box\">\r\n                            <small>Mayo 2024<\/small>\r\n                            <h5>Pasant\u00eda en la Universidad Surcolombiana<\/h5>\r\n                            <p>Ponencia en seminario internacional como relator principal Bien-estar y calidad de vida: reflexiones y evidencias<\/p>\r\n                        <\/div>\r\n                    <\/div>\r\n\t\t\t\t\t\r\n\t\t\t\t\t\t\t\t\t\t\r\n                    <div class=\"col-lg-4\">\r\n                        <div class=\"skill-box\">\r\n                            <small>Octubre 2023<\/small>\r\n                            <h5>Encuentro en Colombia <\/h5>\r\n                            <p>Invitaci\u00f3n a exponer en la USCO sobre el futuro de la Educaci\u00f3n F\u00edsica.<\/p>\r\n                        <\/div>\r\n                    <\/div>\r\n\t\t\t\t\t\r\n\t\t\t\t\t\t\t\t\t\t\r\n                    <div class=\"col-lg-4\">\r\n                        <div class=\"skill-box\">\r\n                            <small>Octubre 2023<\/small>\r\n                            <h5>Jornada de Reflexi\u00f3n UCSC<\/h5>\r\n                            <p>Mesa redonda junto al profesorado normalista intercambiando experiencias sobre el aprendizaje.<\/p>\r\n                        <\/div>\r\n                    <\/div>\r\n\t\t\t\t\t\r\n\t\t\t\t\r\n  \r\n                <\/div>\r\n            <\/div>\r\n        <\/div>\r\n        <!--:::::SKILL AREA END :::::::-->\r\n\r\n\r\n\r\n\r\n\t\t\t\t\t\t<\/div>\n\t\t\t\t<\/div>\n\t\t\t\t\t<\/div>\n\t\t<\/div>\n\t\t\t\t\t<\/div>\n\t\t<\/section>\n\t\t\t\t<\/div>\n\t\t","protected":false},"excerpt":{"rendered":"<p>Prof. Dr. Felipe Poblete-Valderrama Dr. en Educaci\u00f3n Mg. En Educaci\u00f3n en Salud y Bienestar Humano Profesor de Educaci\u00f3n F\u00edsica Licenciado en Educaci\u00f3n felipepobletev@gmail.com Publicaciones \u00daltimas Publicaciones Te invito a conocer mis \u00faltimas publicaciones, creadas a partir de la investigaci\u00f3n y la experiencia. Enero &#8211; Junio 2024 Marzo 2024 Junio 2023 ACTUALIDAD Vinculaci\u00f3n con El medio [&hellip;]<\/p>\n","protected":false},"author":1,"featured_media":0,"parent":0,"menu_order":0,"comment_status":"closed","ping_status":"closed","template":"elementor_header_footer","meta":{"footnotes":""},"class_list":["post-2622","page","type-page","status-publish","hentry"],"_links":{"self":[{"href":"https:\/\/felipepobletevalderrama.com\/index.php?rest_route=\/wp\/v2\/pages\/2622","targetHints":{"allow":["GET"]}}],"collection":[{"href":"https:\/\/felipepobletevalderrama.com\/index.php?rest_route=\/wp\/v2\/pages"}],"about":[{"href":"https:\/\/felipepobletevalderrama.com\/index.php?rest_route=\/wp\/v2\/types\/page"}],"author":[{"embeddable":true,"href":"https:\/\/felipepobletevalderrama.com\/index.php?rest_route=\/wp\/v2\/users\/1"}],"replies":[{"embeddable":true,"href":"https:\/\/felipepobletevalderrama.com\/index.php?rest_route=%2Fwp%2Fv2%2Fcomments&post=2622"}],"version-history":[{"count":0,"href":"https:\/\/felipepobletevalderrama.com\/index.php?rest_route=\/wp\/v2\/pages\/2622\/revisions"}],"wp:attachment":[{"href":"https:\/\/felipepobletevalderrama.com\/index.php?rest_route=%2Fwp%2Fv2%2Fmedia&parent=2622"}],"curies":[{"name":"wp","href":"https:\/\/api.w.org\/{rel}","templated":true}]}}